{"id":2186,"date":"2024-08-22T14:55:01","date_gmt":"2024-08-22T12:55:01","guid":{"rendered":"https:\/\/poema-store.fr\/?page_id=2186"},"modified":"2025-04-18T14:14:06","modified_gmt":"2025-04-18T12:14:06","slug":"engagements","status":"publish","type":"page","link":"https:\/\/poema-store.fr\/en\/engagements\/","title":{"rendered":"Engagements \u00e9coresponsables : cuirs LWG Poema Paris 2025"},"content":{"rendered":"<p>[et_pb_section fb_built=\u00a0\u00bb1&Prime; _builder_version=\u00a0\u00bb4.27.0&Prime; _module_preset=\u00a0\u00bbdefault\u00a0\u00bb background_image=\u00a0\u00bbhttps:\/\/poema-store.fr\/wp-content\/uploads\/2024\/08\/9c16cde9d9495b9bc54f76ab20534269-xxlarge.jpg\u00a0\u00bb height=\u00a0\u00bb70vh\u00a0\u00bb global_colors_info=\u00a0\u00bb{}\u00a0\u00bb][\/et_pb_section][et_pb_section fb_built=\u00a0\u00bb1&Prime; _builder_version=\u00a0\u00bb4.27.0&Prime; _module_preset=\u00a0\u00bbdefault\u00a0\u00bb global_colors_info=\u00a0\u00bb{}\u00a0\u00bb][et_pb_row _builder_version=\u00a0\u00bb4.27.0&Prime; _module_preset=\u00a0\u00bbdefault\u00a0\u00bb global_colors_info=\u00a0\u00bb{}\u00a0\u00bb][et_pb_column type=\u00a0\u00bb4_4&Prime; _builder_version=\u00a0\u00bb4.27.0&Prime; _module_preset=\u00a0\u00bbdefault\u00a0\u00bb global_colors_info=\u00a0\u00bb{}\u00a0\u00bb][et_pb_text _builder_version=\u00a0\u00bb4.27.4&Prime; _module_preset=\u00a0\u00bbdefault\u00a0\u00bb text_line_height=\u00a0\u00bb2em\u00a0\u00bb header_font=\u00a0\u00bb|700|||||||\u00a0\u00bb header_text_align=\u00a0\u00bbcenter\u00a0\u00bb header_text_color=\u00a0\u00bb#004748&Prime; header_letter_spacing=\u00a0\u00bb2px\u00a0\u00bb custom_margin=\u00a0\u00bb||50px|||\u00a0\u00bb global_colors_info=\u00a0\u00bb{}\u00a0\u00bb]<\/p>\n<h1 style=\"text-align: center;\">Our ethical LWG-certified leathers<\/h1>\n<h2 style=\"text-align: center;\">Sustainability Commitments \u2013 Poema Paris 2025<\/h2>\n<p>[\/et_pb_text][et_pb_text _builder_version=\u00a0\u00bb4.27.4&Prime; _module_preset=\u00a0\u00bbdefault\u00a0\u00bb text_line_height=\u00a0\u00bb2em\u00a0\u00bb header_font=\u00a0\u00bb|700|||||||\u00a0\u00bb header_text_align=\u00a0\u00bbcenter\u00a0\u00bb header_text_color=\u00a0\u00bb#004748&Prime; header_letter_spacing=\u00a0\u00bb2px\u00a0\u00bb global_colors_info=\u00a0\u00bb{}\u00a0\u00bb]<\/p>\n<h1>\u00a0<\/h1>\n<p>Creating footwear involves a responsibility towards the planet and its inhabitants. From the outset, we have committed to using eco-responsible materials and adopting respectful production practices. Our leathers are <span style=\"color: #084748;\"><strong><a style=\"color: #084748;\" title=\"Leather Working Group (LWG)\" href=\"https:\/\/www.leatherworkinggroup.com\/about\/\" target=\"_blank\" rel=\"noopener\">LWG-certified<\/a><\/strong><\/span>, ensuring environmentally responsible manufacturing. Today, <span style=\"color: #084748;\"><strong><a style=\"color: #084748;\" title=\"Poema Paris\" href=\"https:\/\/poema-store.fr\/en\/a-propos-de-poema-paris\/\" target=\"_blank\" rel=\"noopener\">Poema Paris<\/a> <\/strong><\/span>is proud to lead the way in sustainability and ethics in the footwear industry.<\/p>\n<p>By choosing LWG-certified leathers, we not only meet high standards but also contribute to positive change in the industry. The tanning processes we use are designed to minimize the use of harmful chemicals, reduce water consumption, and lower carbon emissions. As a result, each pair of<span style=\"color: #084748;\"><strong> <a style=\"color: #084748;\" title=\"Chaussures femme \u00e9co-responsables\" href=\"https:\/\/poema-store.fr\/en\/product-category\/chaussures-femme-eco-responsables\/\" target=\"_blank\" rel=\"noopener\">shoes<\/a><\/strong><\/span> we produce has a reduced environmental impact while maintaining exceptional quality and durability.<\/p>\n<p>Our commitment extends beyond material selection. We also ensure that working conditions in our production chains respect fundamental human rights. All our partners are carefully selected to ensure they share our values of transparency, social responsibility, and environmental respect.<\/p>\n<p>Continuing on this path, we aim to go even further in our commitments to ethics and sustainability. We are constantly exploring new ways to improve our practices, integrating ecological innovations, and developing production methods that are even more planet-friendly.<\/p>\n<p>At Poema Paris, we believe that every step counts in building a more sustainable future. We are determined to keep moving forward, always striving to do better for our customers, our collaborators, and the planet.<\/p>\n<p>[\/et_pb_text][\/et_pb_column][\/et_pb_row][et_pb_row _builder_version=\u00a0\u00bb4.27.0&Prime; _module_preset=\u00a0\u00bbdefault\u00a0\u00bb global_colors_info=\u00a0\u00bb{}\u00a0\u00bb][et_pb_column type=\u00a0\u00bb4_4&Prime; _builder_version=\u00a0\u00bb4.27.0&Prime; _module_preset=\u00a0\u00bbdefault\u00a0\u00bb global_colors_info=\u00a0\u00bb{}\u00a0\u00bb][et_pb_code _builder_version=\u00a0\u00bb4.27.4&Prime; _module_preset=\u00a0\u00bbdefault\u00a0\u00bb custom_margin=\u00a0\u00bb0px||||false|false\u00a0\u00bb global_colors_info=\u00a0\u00bb{}\u00a0\u00bb locked=\u00a0\u00bboff\u00a0\u00bb]<div class=\"woocommerce-product-video\" style=\"position: relative; padding-bottom: 56.25%; height: 0; overflow: hidden; max-width: 100%; background: #000;\">\n                    <iframe style=\"position: absolute; top: 0; left: 0; width: 100%; height: 100%;\" src=\"https:\/\/player.vimeo.com\/video\/1076141846\" frameborder=\"0\" allowfullscreen title=\"Vid\u00e9o de d\u00e9monstration du produit\"><\/iframe>\n                <\/div>[\/et_pb_code][\/et_pb_column][\/et_pb_row][\/et_pb_section]<\/p>","protected":false},"excerpt":{"rendered":"<p>Explorez les engagements de Poema Paris : des chaussures \u00e9coresponsables fabriqu\u00e9es avec des cuirs certifi\u00e9s LWG. D\u00e9couvrez comment nos pratiques durables et nos choix \u00e9thiques contribuent \u00e0 un avenir respectueux de la plan\u00e8te et de ses habitants.<\/p>","protected":false},"author":4,"featured_media":3130,"parent":0,"menu_order":0,"comment_status":"closed","ping_status":"closed","template":"","meta":{"_acf_changed":false,"_et_pb_use_builder":"on","_et_pb_old_content":"","_et_gb_content_width":"","footnotes":""},"class_list":["post-2186","page","type-page","status-publish","has-post-thumbnail","hentry"],"acf":[],"jetpack_sharing_enabled":true,"_links":{"self":[{"href":"https:\/\/poema-store.fr\/en\/wp-json\/wp\/v2\/pages\/2186","targetHints":{"allow":["GET"]}}],"collection":[{"href":"https:\/\/poema-store.fr\/en\/wp-json\/wp\/v2\/pages"}],"about":[{"href":"https:\/\/poema-store.fr\/en\/wp-json\/wp\/v2\/types\/page"}],"author":[{"embeddable":true,"href":"https:\/\/poema-store.fr\/en\/wp-json\/wp\/v2\/users\/4"}],"replies":[{"embeddable":true,"href":"https:\/\/poema-store.fr\/en\/wp-json\/wp\/v2\/comments?post=2186"}],"version-history":[{"count":0,"href":"https:\/\/poema-store.fr\/en\/wp-json\/wp\/v2\/pages\/2186\/revisions"}],"wp:featuredmedia":[{"embeddable":true,"href":"https:\/\/poema-store.fr\/en\/wp-json\/wp\/v2\/media\/3130"}],"wp:attachment":[{"href":"https:\/\/poema-store.fr\/en\/wp-json\/wp\/v2\/media?parent=2186"}],"curies":[{"name":"wp","href":"https:\/\/api.w.org\/{rel}","templated":true}]}}