{"id":32,"date":"2024-07-25T17:23:15","date_gmt":"2024-07-25T15:23:15","guid":{"rendered":"https:\/\/poema-store.fr\/?page_id=32"},"modified":"2025-06-02T14:42:25","modified_gmt":"2025-06-02T12:42:25","slug":"mentions-legales","status":"publish","type":"page","link":"https:\/\/poema-store.fr\/en\/mentions-legales\/","title":{"rendered":"Mentions l\u00e9gales 2025 Poema Paris: Infos l\u00e9gales &#038; donn\u00e9es"},"content":{"rendered":"<p>[et_pb_section fb_built=\u00a0\u00bb1&Prime; _builder_version=\u00a0\u00bb4.27.0&Prime; _module_preset=\u00a0\u00bbdefault\u00a0\u00bb background_image=\u00a0\u00bbhttps:\/\/poema-store.fr\/wp-content\/uploads\/2024\/08\/MZ6_2648-M-scaled.jpg\u00a0\u00bb height=\u00a0\u00bb60vh\u00a0\u00bb global_colors_info=\u00a0\u00bb{}\u00a0\u00bb][et_pb_row _builder_version=\u00a0\u00bb4.27.0&Prime; _module_preset=\u00a0\u00bbdefault\u00a0\u00bb global_colors_info=\u00a0\u00bb{}\u00a0\u00bb][et_pb_column type=\u00a0\u00bb4_4&Prime; _builder_version=\u00a0\u00bb4.27.0&Prime; _module_preset=\u00a0\u00bbdefault\u00a0\u00bb global_colors_info=\u00a0\u00bb{}\u00a0\u00bb][\/et_pb_column][\/et_pb_row][\/et_pb_section][et_pb_section fb_built=\u00a0\u00bb1&Prime; _builder_version=\u00a0\u00bb4.27.0&Prime; _module_preset=\u00a0\u00bbdefault\u00a0\u00bb global_colors_info=\u00a0\u00bb{}\u00a0\u00bb][et_pb_row _builder_version=\u00a0\u00bb4.27.4&Prime; _module_preset=\u00a0\u00bbdefault\u00a0\u00bb hover_enabled=\u00a0\u00bb0&Prime; global_colors_info=\u00a0\u00bb{}\u00a0\u00bb sticky_enabled=\u00a0\u00bb0&Prime;][et_pb_column type=\u00a0\u00bb4_4&Prime; _builder_version=\u00a0\u00bb4.27.4&Prime; _module_preset=\u00a0\u00bbdefault\u00a0\u00bb hover_enabled=\u00a0\u00bb0&Prime; global_colors_info=\u00a0\u00bb{}\u00a0\u00bb sticky_enabled=\u00a0\u00bb0&Prime;][et_pb_text _builder_version=\u00a0\u00bb4.27.4&Prime; _module_preset=\u00a0\u00bbdefault\u00a0\u00bb hover_enabled=\u00a0\u00bb0&Prime; global_colors_info=\u00a0\u00bb{}\u00a0\u00bb text_font_size=\u00a0\u00bb16px\u00a0\u00bb sticky_enabled=\u00a0\u00bb0&Prime;]<\/p>\n<h1 style=\"text-align: center;\">Legal Notice 2025 Poema Paris<\/h1>\n<h2 style=\"text-align: center;\">Legal Information &amp; Data<\/h2>\n<h3>Website Publisher<\/h3>\n<p>The owner and publisher of the website <strong><span style=\"color: #084748;\"><a style=\"color: #084748;\" title=\"Website - Poema Paris\" href=\"https:\/\/poema-store.fr\/en\/\">poema-store.fr<\/a><\/span><\/strong> is <strong>MP GROUPE<\/strong>, a simplified joint-stock company (SAS) with a share capital of \u20ac500, registered with the Versailles Trade and Companies Register under number <strong>981520562<\/strong>, with its head office located at <strong>12, rue du Petit Robinson, 78350 Jouy-en-Josas<\/strong>.<\/p>\n<p>The intra-community VAT number is <strong>FR16981520562<\/strong>.<\/p>\n<h3>Website Development<\/h3>\n<p>Company : <span style=\"color: #666666;\"><a style=\"color: #666666;\" href=\"https:\/\/www.valdoisecommunication.fr\/\" target=\"_blanck\" rel=\"noopener\">Val d&rsquo;Oise Communication<\/a><\/span><br \/>\nAddress : 9 chauss\u00e9e Jules C\u00e9sar 95520 OSNY B\u00e2timent 4, entr\u00e9e 423<br \/>\nPhone : 01 30 20 04 69<br \/>\nContact : <span style=\"color: #666666;\"><a style=\"color: #666666;\" href=\"mailto: contact@valdoisecommunication.fr\">contact@valdoisecommunication.fr<\/a><\/span><\/p>\n<h3>Website Access<\/h3>\n<p>Access to the website <strong><span style=\"color: #084748;\"><a style=\"color: #084748;\" href=\"https:\/\/poema-store.fr\/en\/\" target=\"_new\" rel=\"noopener\">poema-store.fr<\/a> <\/span><\/strong>and its subdomains is free of charge. All costs related to the use of a telecommunications network are the responsibility of the user.<\/p>\n<h3>Personal Data Protection<\/h3>\n<p><strong>MP GROUPE<\/strong> collects data necessary for order processing, in accordance with the <span style=\"color: #084748;\"><a style=\"color: #084748;\" title=\"General Terms of Use (GTU)\" href=\"https:\/\/poema-store.fr\/en\/cgu\/\" target=\"_blank\" rel=\"noopener\"><strong>General Terms of Use (GTU)<\/strong><\/a>.<\/span> This information is treated with the utmost <strong>confidentiality<\/strong> and has been declared to the <a title=\"French Data Protection Authority (CNIL)\" href=\"https:\/\/www.cnil.fr\/fr\/definition\/commission-nationale-de-linformatique-et-des-libertes-cnil\" target=\"_blank\" rel=\"nofollow noopener\"><strong><span style=\"color: #084748;\">French Data Protection Authority (CNIL)<\/span><\/strong><\/a>.<\/p>\n<h3>Hosting<\/h3>\n<p>The website is hosted by <span style=\"color: #084748;\"><a style=\"color: #084748;\" title=\"Hostinger\" href=\"https:\/\/www.hostinger.fr\/\" target=\"_blank\" rel=\"nofollow noopener\"><strong>Hostinger<\/strong><\/a><\/span>, which guarantees a reliable and secure infrastructure.<\/p>\n<h3>Right of Access and Rectification<\/h3>\n<p>In accordance with the French Data Protection Act of January 6, 1978, you have the right to access, correct, modify, or delete any personal data concerning you (Article 34 of the \u201cInformatique et Libert\u00e9s\u201d law).<br \/>\nYou can exercise this right by sending an email to: <span style=\"color: #084748;\"><strong>hello@poema-store.fr<\/strong><\/span><\/p>\n<p>Therefore, any user has the right to request that inaccurate, incomplete, ambiguous, outdated, or unnecessary information about them be corrected, clarified, updated, or deleted.<\/p>\n<h3>Privacy Policy &amp; Cookies<\/h3>\n<p>To enhance your user experience, we collect certain information, such as your identity, the contents of your shopping cart, the duration of your visit, and the pages viewed. This data is used in compliance with our <strong>privacy policy<\/strong>, consultable sur le site.[\/et_pb_text][\/et_pb_column][\/et_pb_row][\/et_pb_section]<\/p>","protected":false},"excerpt":{"rendered":"<p>Les \u00ab\u00a0Mentions l\u00e9gales\u00a0\u00bb de Poema Paris vous fournissent des informations essentielles sur le propri\u00e9taire du site, la protection des donn\u00e9es personnelles, les droits d\u2019acc\u00e8s et de rectification, ainsi que les modalit\u00e9s d\u2019h\u00e9bergement. D\u00e9couvrez \u00e9galement comment nous garantissons la confidentialit\u00e9 et la s\u00e9curit\u00e9 des donn\u00e9es que vous nous fournissez.<\/p>","protected":false},"author":4,"featured_media":3130,"parent":0,"menu_order":0,"comment_status":"closed","ping_status":"closed","template":"","meta":{"_acf_changed":false,"_et_pb_use_builder":"on","_et_pb_old_content":"","_et_gb_content_width":"","footnotes":""},"class_list":["post-32","page","type-page","status-publish","has-post-thumbnail","hentry"],"acf":[],"jetpack_sharing_enabled":true,"_links":{"self":[{"href":"https:\/\/poema-store.fr\/en\/wp-json\/wp\/v2\/pages\/32","targetHints":{"allow":["GET"]}}],"collection":[{"href":"https:\/\/poema-store.fr\/en\/wp-json\/wp\/v2\/pages"}],"about":[{"href":"https:\/\/poema-store.fr\/en\/wp-json\/wp\/v2\/types\/page"}],"author":[{"embeddable":true,"href":"https:\/\/poema-store.fr\/en\/wp-json\/wp\/v2\/users\/4"}],"replies":[{"embeddable":true,"href":"https:\/\/poema-store.fr\/en\/wp-json\/wp\/v2\/comments?post=32"}],"version-history":[{"count":0,"href":"https:\/\/poema-store.fr\/en\/wp-json\/wp\/v2\/pages\/32\/revisions"}],"wp:featuredmedia":[{"embeddable":true,"href":"https:\/\/poema-store.fr\/en\/wp-json\/wp\/v2\/media\/3130"}],"wp:attachment":[{"href":"https:\/\/poema-store.fr\/en\/wp-json\/wp\/v2\/media?parent=32"}],"curies":[{"name":"wp","href":"https:\/\/api.w.org\/{rel}","templated":true}]}}