{"id":37,"date":"2024-07-26T15:14:04","date_gmt":"2024-07-26T13:14:04","guid":{"rendered":"https:\/\/poema-store.fr\/boutique\/"},"modified":"2025-04-18T15:20:22","modified_gmt":"2025-04-18T13:20:22","slug":"boutique","status":"publish","type":"page","link":"https:\/\/poema-store.fr\/en\/boutique\/","title":{"rendered":"Store"},"content":{"rendered":"<p>[et_pb_section fb_built=\u00a0\u00bb1&Prime; _builder_version=\u00a0\u00bb4.27.0&Prime; _module_preset=\u00a0\u00bbdefault\u00a0\u00bb locked=\u00a0\u00bboff\u00a0\u00bb global_colors_info=\u00a0\u00bb{}\u00a0\u00bb][et_pb_row column_structure=\u00a0\u00bb1_4,3_4&Prime; _builder_version=\u00a0\u00bb4.27.0&Prime; _module_preset=\u00a0\u00bbdefault\u00a0\u00bb width=\u00a0\u00bb90%\u00a0\u00bb max_width=\u00a0\u00bb1850px\u00a0\u00bb global_colors_info=\u00a0\u00bb{}\u00a0\u00bb][et_pb_column type=\u00a0\u00bb1_4&Prime; _builder_version=\u00a0\u00bb4.27.0&Prime; _module_preset=\u00a0\u00bbdefault\u00a0\u00bb global_colors_info=\u00a0\u00bb{}\u00a0\u00bb][et_pb_db_shop_cat_title hide_description=\u00a0\u00bbhide\u00a0\u00bb hide_image=\u00a0\u00bbhide\u00a0\u00bb image_style=\u00a0\u00bbnormal\u00a0\u00bb _builder_version=\u00a0\u00bb4.27.0&Prime; _module_preset=\u00a0\u00bbdefault\u00a0\u00bb headings_text_color=\u00a0\u00bb#004748&Prime; headings_font_size=\u00a0\u00bb50px\u00a0\u00bb global_colors_info=\u00a0\u00bb{}\u00a0\u00bb][\/et_pb_db_shop_cat_title][et_pb_de_mach_filter_posts search_button_text=\u00a0\u00bbRecherche\u00a0\u00bb mobile_toggle=\u00a0\u00bbon\u00a0\u00bb auto_close_toggle=\u00a0\u00bbon\u00a0\u00bb filter_toggle_name=\u00a0\u00bbFiltrer par\u00a0\u00bb filter_toggle_hide_name=\u00a0\u00bbCacher les filtres\u00a0\u00bb disabled_on=\u00a0\u00bboff|off|off\u00a0\u00bb _builder_version=\u00a0\u00bb4.27.4&Prime; _module_preset=\u00a0\u00bbdefault\u00a0\u00bb filter_headings_font=\u00a0\u00bb&#8211;et_global_heading_font||||||||\u00a0\u00bb filter_headings_font_size=\u00a0\u00bb28px\u00a0\u00bb custom_button=\u00a0\u00bbon\u00a0\u00bb button_text_color=\u00a0\u00bb#004748&Prime; custom_search_button=\u00a0\u00bbon\u00a0\u00bb search_button_text_color=\u00a0\u00bb#004748&Prime; search_button_use_icon=\u00a0\u00bboff\u00a0\u00bb custom_reset_filter=\u00a0\u00bbon\u00a0\u00bb reset_filter_use_icon=\u00a0\u00bboff\u00a0\u00bb custom_mobile_toggle_button=\u00a0\u00bbon\u00a0\u00bb mobile_toggle_button_icon=\u00a0\u00bb&#x33;||divi||400&Prime; mobile_toggle_button_on_hover=\u00a0\u00bboff\u00a0\u00bb mobile_toggle_button_custom_margin=\u00a0\u00bb|||0px|false|false\u00a0\u00bb custom_margin=\u00a0\u00bb|||0px|false|false\u00a0\u00bb global_colors_info=\u00a0\u00bb{%22gcid-primary-color%22:%91%22form_field_background_color%22%93}\u00a0\u00bb locked=\u00a0\u00bboff\u00a0\u00bb][et_pb_de_mach_search_posts_item title=\u00a0\u00bbSearch\u00a0\u00bb filter_post_type=\u00a0\u00bbsearch\u00a0\u00bb post_type_choose=\u00a0\u00bbproduct\u00a0\u00bb custom_label=\u00a0\u00bbRecherche\u00a0\u00bb field_id=\u00a0\u00bbField_1&Prime; text_placeholder=\u00a0\u00bbRecherche\u00a0\u00bb _builder_version=\u00a0\u00bb4.27.0&Prime; _module_preset=\u00a0\u00bbdefault\u00a0\u00bb global_colors_info=\u00a0\u00bb{}\u00a0\u00bb][\/et_pb_de_mach_search_posts_item][et_pb_de_mach_search_posts_item title=\u00a0\u00bbPrix\u00a0\u00bb filter_post_type=\u00a0\u00bbproductprice\u00a0\u00bb custom_label=\u00a0\u00bbPrix\u00a0\u00bb range_prim_color=\u00a0\u00bb#004748&Prime; field_id=\u00a0\u00bbField_2&Prime; _builder_version=\u00a0\u00bb4.27.0&Prime; _module_preset=\u00a0\u00bbdefault\u00a0\u00bb global_colors_info=\u00a0\u00bb{}\u00a0\u00bb][\/et_pb_de_mach_search_posts_item][et_pb_de_mach_search_posts_item title=\u00a0\u00bbCat\u00e9gorie\u00a0\u00bb field_id=\u00a0\u00bbField_5&Prime; select_placeholder=\u00a0\u00bb-  Choisir une option &#8211;\u00a0\u00bb _builder_version=\u00a0\u00bb4.27.4&Prime; _module_preset=\u00a0\u00bbdefault\u00a0\u00bb global_colors_info=\u00a0\u00bb{}\u00a0\u00bb][\/et_pb_de_mach_search_posts_item][et_pb_de_mach_search_posts_item title=\u00a0\u00bbCouleur\u00a0\u00bb filter_post_type=\u00a0\u00bbproductattr\u00a0\u00bb product_attribute=\u00a0\u00bbpa_couleur\u00a0\u00bb attribute_swatch=\u00a0\u00bbon\u00a0\u00bb custom_label=\u00a0\u00bbCouleur\u00a0\u00bb field_id=\u00a0\u00bbField_3&Prime; _builder_version=\u00a0\u00bb4.27.0&Prime; _module_preset=\u00a0\u00bbdefault\u00a0\u00bb global_colors_info=\u00a0\u00bb{}\u00a0\u00bb][\/et_pb_de_mach_search_posts_item][et_pb_de_mach_search_posts_item title=\u00a0\u00bbTaille\u00a0\u00bb filter_post_type=\u00a0\u00bbproductattr\u00a0\u00bb product_attribute=\u00a0\u00bbpa_taille\u00a0\u00bb value_type=\u00a0\u00bbnumeric\u00a0\u00bb custom_label=\u00a0\u00bbTaille\u00a0\u00bb field_id=\u00a0\u00bbField_4&Prime; select_placeholder=\u00a0\u00bb-  Choisir une option &#8211;\u00a0\u00bb _builder_version=\u00a0\u00bb4.27.4&Prime; _module_preset=\u00a0\u00bbdefault\u00a0\u00bb width_tablet=\u00a0\u00bb\u00a0\u00bb width_phone=\u00a0\u00bb50%\u00a0\u00bb width_last_edited=\u00a0\u00bbon|phone\u00a0\u00bb max_width=\u00a0\u00bb100%\u00a0\u00bb global_colors_info=\u00a0\u00bb{}\u00a0\u00bb][\/et_pb_de_mach_search_posts_item][\/et_pb_de_mach_filter_posts][\/et_pb_column][et_pb_column type=\u00a0\u00bb3_4&Prime; _builder_version=\u00a0\u00bb4.27.0&Prime; _module_preset=\u00a0\u00bbdefault\u00a0\u00bb global_colors_info=\u00a0\u00bb{}\u00a0\u00bb][et_pb_db_shop_loop loop_layout=\u00a0\u00bb3853&Prime; equal_height=\u00a0\u00bboff\u00a0\u00bb columns=\u00a0\u00bb2&Prime; columns_mobile=\u00a0\u00bb2&Prime; custom_gutter_width=\u00a0\u00bbon\u00a0\u00bb gutter_row_column=\u00a0\u00bb12px\u00a0\u00bb _builder_version=\u00a0\u00bb4.27.4&Prime; _module_preset=\u00a0\u00bbdefault\u00a0\u00bb global_colors_info=\u00a0\u00bb{}\u00a0\u00bb][\/et_pb_db_shop_loop][\/et_pb_column][\/et_pb_row][\/et_pb_section]<\/p>","protected":false},"excerpt":{"rendered":"<p>La page \u00ab\u00a0Boutique\u00a0\u00bb de Poema Paris pr\u00e9sente une collection exclusive de chaussures f\u00e9minines \u00e9coresponsables. Chaque produit allie style, confort et durabilit\u00e9, refl\u00e9tant les valeurs de la marque en mati\u00e8re de mode \u00e9thique. D\u00e9couvrez une s\u00e9lection de chaussures \u00e9l\u00e9gantes et responsables.<\/p>","protected":false},"author":4,"featured_media":3130,"parent":0,"menu_order":0,"comment_status":"closed","ping_status":"closed","template":"","meta":{"_acf_changed":false,"_et_pb_use_builder":"on","_et_pb_old_content":"","_et_gb_content_width":"","footnotes":""},"class_list":["post-37","page","type-page","status-publish","has-post-thumbnail","hentry"],"acf":[],"jetpack_sharing_enabled":true,"_links":{"self":[{"href":"https:\/\/poema-store.fr\/en\/wp-json\/wp\/v2\/pages\/37","targetHints":{"allow":["GET"]}}],"collection":[{"href":"https:\/\/poema-store.fr\/en\/wp-json\/wp\/v2\/pages"}],"about":[{"href":"https:\/\/poema-store.fr\/en\/wp-json\/wp\/v2\/types\/page"}],"author":[{"embeddable":true,"href":"https:\/\/poema-store.fr\/en\/wp-json\/wp\/v2\/users\/4"}],"replies":[{"embeddable":true,"href":"https:\/\/poema-store.fr\/en\/wp-json\/wp\/v2\/comments?post=37"}],"version-history":[{"count":0,"href":"https:\/\/poema-store.fr\/en\/wp-json\/wp\/v2\/pages\/37\/revisions"}],"wp:featuredmedia":[{"embeddable":true,"href":"https:\/\/poema-store.fr\/en\/wp-json\/wp\/v2\/media\/3130"}],"wp:attachment":[{"href":"https:\/\/poema-store.fr\/en\/wp-json\/wp\/v2\/media?parent=37"}],"curies":[{"name":"wp","href":"https:\/\/api.w.org\/{rel}","templated":true}]}}